{"id":111,"date":"2025-04-27T20:32:30","date_gmt":"2025-04-27T20:32:30","guid":{"rendered":"https:\/\/sitsaic.org.mx\/web\/?page_id=111"},"modified":"2025-04-27T20:40:52","modified_gmt":"2025-04-27T20:40:52","slug":"aviso","status":"publish","type":"page","link":"https:\/\/sitsaic.org.mx\/web\/aviso\/","title":{"rendered":"aviso"},"content":{"rendered":"<p>[et_pb_section fb_built=&#8221;1&#8243; admin_label=&#8221;Header &#038; Blog&#8221; _builder_version=&#8221;4.25.1&#8243; _module_preset=&#8221;_initial&#8221; collapsed=&#8221;on&#8221; global_colors_info=&#8221;{}&#8221;][et_pb_row _builder_version=&#8221;4.25.1&#8243; _module_preset=&#8221;default&#8221; global_colors_info=&#8221;{}&#8221;][et_pb_column type=&#8221;4_4&#8243; _builder_version=&#8221;4.25.1&#8243; _module_preset=&#8221;_initial&#8221; global_colors_info=&#8221;{}&#8221;][et_pb_heading title=&#8221;Aviso de privacidad&#8221; _builder_version=&#8221;4.24.0&#8243; _module_preset=&#8221;_initial&#8221; title_font=&#8221;Urbanist||||||||&#8221; title_text_align=&#8221;center&#8221; title_font_size=&#8221;72px&#8221; title_line_height=&#8221;1.1em&#8221; title_font_size_tablet=&#8221;40px&#8221; title_font_size_phone=&#8221;24px&#8221; title_font_size_last_edited=&#8221;on|desktop&#8221; global_colors_info=&#8221;{}&#8221;][\/et_pb_heading][\/et_pb_column][\/et_pb_row][et_pb_row _builder_version=&#8221;4.24.0&#8243; _module_preset=&#8221;default&#8221; global_colors_info=&#8221;{}&#8221;][et_pb_column type=&#8221;4_4&#8243; _builder_version=&#8221;4.24.0&#8243; _module_preset=&#8221;default&#8221; global_colors_info=&#8221;{}&#8221;][et_pb_text _builder_version=&#8221;4.24.0&#8243; _module_preset=&#8221;default&#8221; global_colors_info=&#8221;{}&#8221;]<\/p>\n<p><strong>AVISO DE PRIVACIDAD SIMPLIFICADO<\/strong><\/p>\n<p>Con fundamento- en lo dispuesto en los art\u00edculos 3 fracci\u00f3n 1, 34, 35, 36, 37, 38, 40, 42, as\u00ed como lo dispuesto en el T\u00edtulo Tercero, Capitulo Primero de la ley de Protecci\u00f3n de Datos Personales en Posesi\u00f3n de los Sujetos Obligados para el Estado de Guanajuato, publicada en el peri\u00f3dico oficial del Gobierno del estado de Guanajuato el 14 de Julio de 2017, se hace de su conocimiento lo siguiente:\u00a0<strong>Sindicato de Trabajadores del Servicio de Aguas e Industrias Conexas de le\u00f3n<\/strong>\u00a0identificado por sus siglas (<strong>SITSAIC<\/strong>), al Servicio del Sistema de Agua Potable y Alcantarillados de Le\u00f3n, adopta la declaraci\u00f3n de principios, programa de acci\u00f3n t\u00e1ctica de lucha, lema y objetivo de la Confederaci\u00f3n de Trabajadores de M\u00e9xico. Este Sindicato luchar\u00e1 por el sindicalismo democr\u00e1tico y el mantenimiento de los reg\u00edmenes democr\u00e1ticos para que prevalezca el respeto a la voluntad de las mayor\u00edas y se act\u00fae en funci\u00f3n del inter\u00e9s colectivo, as\u00ed como la unidad obrera, reiterando su militancia en las filas por el cumplimiento del compromiso de solidaridad clasista, para que todo caso se manifieste como mejor proceda, moral, material y econ\u00f3micamente mediante la celebraci\u00f3n de contratos colectivos de trabajo.<\/p>\n<p><strong>La finalidad del tratamiento a sus datos personales es:<\/strong><\/p>\n<p>Sus datos personales no ser\u00e1n transferidos, difundidos, ni distribuidos, salvo lo se\u00f1alado en el art\u00edculo 39 frac. 11 inciso b) de la ley de Protecci\u00f3n de Datos Personales en Posesi\u00f3n de Sujetos Obligados para el Estado de Guanajuato o en el caso exista consentimiento expreso de su parte por medio escrito o por medio similar.<br \/>Se le informa que de estos solo tendr\u00e1n acceso a esta informaci\u00f3n el titular de los datos, sus representantes legales y los servidores p\u00fablicos facultados para ello.<\/p>\n<p><strong>Transferencia de Datos Personales<\/strong><\/p>\n<p>Hacernos de su conocimiento que sus datos personales podr\u00e1n ser transferidos \u00fanicamente en los casos que, lo efect\u00faen autoridades, poderes, entidades, \u00f3rganos y organismos gubernamentales de los tres \u00f3rdenes de gobierno y las personas f\u00edsicas o morales de car\u00e1cter privado.<br \/>Para m\u00e1s informaci\u00f3n acerca del uso de los datos personales y de los derechos que puede hacer valer, usted puede acceder al aviso de privacidad integral a trav\u00e9s de nuestra p\u00e1gina de internet.<\/p>\n<p>[\/et_pb_text][\/et_pb_column][\/et_pb_row][\/et_pb_section]<\/p>\n","protected":false},"excerpt":{"rendered":"<p>AVISO DE PRIVACIDAD SIMPLIFICADO Con fundamento- en lo dispuesto en los art\u00edculos 3 fracci\u00f3n 1, 34, 35, 36, 37, 38, 40, 42, as\u00ed como lo dispuesto en el T\u00edtulo Tercero, Capitulo Primero de la ley de Protecci\u00f3n de Datos Personales en Posesi\u00f3n de los Sujetos Obligados para el Estado de Guanajuato, publicada en el peri\u00f3dico [&hellip;]<\/p>\n","protected":false},"author":1,"featured_media":0,"parent":0,"menu_order":0,"comment_status":"closed","ping_status":"closed","template":"","meta":{"_et_pb_use_builder":"on","_et_pb_old_content":"","_et_gb_content_width":"","footnotes":""},"class_list":["post-111","page","type-page","status-publish","hentry"],"_links":{"self":[{"href":"https:\/\/sitsaic.org.mx\/web\/wp-json\/wp\/v2\/pages\/111","targetHints":{"allow":["GET"]}}],"collection":[{"href":"https:\/\/sitsaic.org.mx\/web\/wp-json\/wp\/v2\/pages"}],"about":[{"href":"https:\/\/sitsaic.org.mx\/web\/wp-json\/wp\/v2\/types\/page"}],"author":[{"embeddable":true,"href":"https:\/\/sitsaic.org.mx\/web\/wp-json\/wp\/v2\/users\/1"}],"replies":[{"embeddable":true,"href":"https:\/\/sitsaic.org.mx\/web\/wp-json\/wp\/v2\/comments?post=111"}],"version-history":[{"count":4,"href":"https:\/\/sitsaic.org.mx\/web\/wp-json\/wp\/v2\/pages\/111\/revisions"}],"predecessor-version":[{"id":118,"href":"https:\/\/sitsaic.org.mx\/web\/wp-json\/wp\/v2\/pages\/111\/revisions\/118"}],"wp:attachment":[{"href":"https:\/\/sitsaic.org.mx\/web\/wp-json\/wp\/v2\/media?parent=111"}],"curies":[{"name":"wp","href":"https:\/\/api.w.org\/{rel}","templated":true}]}}